{"id":10,"date":"2024-06-01T19:34:09","date_gmt":"2024-06-01T19:34:09","guid":{"rendered":"https:\/\/www.siconsulting.at\/?page_id=10"},"modified":"2024-06-02T21:00:00","modified_gmt":"2024-06-02T21:00:00","slug":"landingpage","status":"publish","type":"page","link":"https:\/\/www.siconsulting.at\/","title":{"rendered":"Impressum"},"content":{"rendered":"\n<h1 class=\"wp-block-heading\">Impressum<\/h1>\n\n\n\n<hr class=\"wp-block-separator has-alpha-channel-opacity\"\/>\n\n\n\n<p>SI Consulting GmbH<\/p>\n\n\n\n<p id=\"block-6ec683ff-0a57-48d6-8852-3ae750c9beb4\">Unternehmensgegenstand: Unternehmensberatung einschlie\u00dflich der Unternehmensorganisation<br>GLN: 9110035633416<br>GISA: 37064211<br>UID-Nummer: ATU80596268<br>Firmenbuchnummer: FN 626104t<br>Firmenbuchgericht: Landesgericht Wiener Neustadt<br>Firmensitz: Zyklamenweg 7, 2601 Sollenau, \u00d6sterreich<br>Tel.: +43 664 251 77 89<br>E-Mail: office@siconsulting.at<br><br>Mitglied der Wirtschaftskammer Nieder\u00f6sterreich<br><br>Berufsrecht: Gewerbeordnung: www.ris.bka.gv.at<br>Aufsichtsbeh\u00f6rde\/Gewerbebeh\u00f6rde: Bezirkshauptmannschaft Wiener Neustadt<br><br>Berufsbezeichnung: Unternehmensberater<br>Verleihungsstaat: \u00d6sterreich<br>Gesch\u00e4ftsf\u00fchrer: Dr. Ingmar Stiegler<\/p>\n","protected":false},"excerpt":{"rendered":"<p>Impressum SI Consulting GmbH Unternehmensgegenstand: Unternehmensberatung einschlie\u00dflich der UnternehmensorganisationGLN: 9110035633416GISA: 37064211UID-Nummer: ATU80596268Firmenbuchnummer: FN 626104tFirmenbuchgericht: Landesgericht Wiener NeustadtFirmensitz: Zyklamenweg 7, 2601 Sollenau, \u00d6sterreichTel.: +43 664 251 77 89E-Mail: office@siconsulting.at Mitglied der Wirtschaftskammer Nieder\u00f6sterreich Berufsrecht: Gewerbeordnung: www.ris.bka.gv.atAufsichtsbeh\u00f6rde\/Gewerbebeh\u00f6rde:&hellip;<\/p>\n","protected":false},"author":1,"featured_media":0,"parent":0,"menu_order":0,"comment_status":"closed","ping_status":"closed","template":"","meta":{"footnotes":""},"class_list":["post-10","page","type-page","status-publish","hentry"],"_links":{"self":[{"href":"https:\/\/www.siconsulting.at\/index.php?rest_route=\/wp\/v2\/pages\/10","targetHints":{"allow":["GET"]}}],"collection":[{"href":"https:\/\/www.siconsulting.at\/index.php?rest_route=\/wp\/v2\/pages"}],"about":[{"href":"https:\/\/www.siconsulting.at\/index.php?rest_route=\/wp\/v2\/types\/page"}],"author":[{"embeddable":true,"href":"https:\/\/www.siconsulting.at\/index.php?rest_route=\/wp\/v2\/users\/1"}],"replies":[{"embeddable":true,"href":"https:\/\/www.siconsulting.at\/index.php?rest_route=%2Fwp%2Fv2%2Fcomments&post=10"}],"version-history":[{"count":19,"href":"https:\/\/www.siconsulting.at\/index.php?rest_route=\/wp\/v2\/pages\/10\/revisions"}],"predecessor-version":[{"id":86,"href":"https:\/\/www.siconsulting.at\/index.php?rest_route=\/wp\/v2\/pages\/10\/revisions\/86"}],"wp:attachment":[{"href":"https:\/\/www.siconsulting.at\/index.php?rest_route=%2Fwp%2Fv2%2Fmedia&parent=10"}],"curies":[{"name":"wp","href":"https:\/\/api.w.org\/{rel}","templated":true}]}}